{"id":1008,"date":"2018-07-30T15:32:46","date_gmt":"2018-07-30T15:32:46","guid":{"rendered":"https:\/\/www.armaniroca.com\/fr\/?page_id=1008"},"modified":"2019-01-15T08:37:49","modified_gmt":"2019-01-15T08:37:49","slug":"politique-de-protection-de-la-vie-privee","status":"publish","type":"page","link":"https:\/\/www.armaniroca.com\/fr\/politique-de-protection-de-la-vie-privee\/","title":{"rendered":"Politique de protection de la vie priv\u00e9e"},"content":{"rendered":"\t\t<div data-elementor-type=\"wp-page\" data-elementor-id=\"1008\" class=\"elementor elementor-1008 elementor-bc-flex-widget\" data-elementor-post-type=\"page\">\n\t\t\t\t\t\t<section class=\"elementor-section elementor-top-section elementor-element elementor-element-45d4016 elementor-section-boxed elementor-section-height-default elementor-section-height-default\" data-id=\"45d4016\" data-element_type=\"section\">\n\t\t\t\t\t\t<div class=\"elementor-container elementor-column-gap-default\">\n\t\t\t\t\t<div class=\"elementor-column elementor-col-100 elementor-top-column elementor-element elementor-element-d43a72e\" data-id=\"d43a72e\" data-element_type=\"column\">\n\t\t\t<div class=\"elementor-widget-wrap elementor-element-populated\">\n\t\t\t\t\t\t<div class=\"elementor-element elementor-element-443112c elementor-widget elementor-widget-text-editor\" data-id=\"443112c\" data-element_type=\"widget\" data-widget_type=\"text-editor.default\">\n\t\t\t\t<div class=\"elementor-widget-container\">\n\t\t\t\t\t\t\t<h1>Politique de protection de la vie priv\u00e9e<\/h1><p><strong>Les donn\u00e9es recueillies gr\u00e2ce \u00e0 ce formulaire seront trait\u00e9es par Roca Sanitario, S.A. dont les coordonn\u00e9es sont les suivantes :<\/strong><\/p><p><em>Nom de la compagnie\u00a0: Roca Sanitario, S.A<\/em><br \/><em>Adresse\u00a0: Avda. Diagonal, 513, 08029, Barcelona \u2013 ESPAGNE<\/em><br \/><em>Tel.: +34 93 366 1200<\/em><br \/><em>Email: gdpr@roca.net<\/em><\/p><p>Lesdites donn\u00e9es seront trait\u00e9es en vue de la gestion des demandes exprim\u00e9es depuis le site Web et, si vous l&rsquo;autorisez, pour vous envoyer des communications de marketing susceptibles de vous int\u00e9resser. Conform\u00e9ment \u00e0 la l\u00e9gislation en vigueur, le traitement des donn\u00e9es vise \u00e0 fournir le service demand\u00e9 et \u00e0 transmettre des communications publicitaires sous r\u00e9serve de votre consentement.<\/p><p>Ces donn\u00e9es sont indispensables pour r\u00e9pondre \u00e0 votre demande. Sans celles-ci, il nous est impossible d&rsquo;\u00e9tablir une relation avec vous en tant que client de Roca. En revanche, les donn\u00e9es concernant la transmission de communications \u00e9lectroniques de marketing ne sont pas indispensables au maintien des relations contractuelles. Aucune d\u00e9cision automatis\u00e9e n&rsquo;intervient dans le traitement de vos donn\u00e9es, lequel se d\u00e9roule int\u00e9gralement dans l&rsquo;Union Europ\u00e9enne. Roca Sanitario, S.A. ne fournira les donn\u00e9es qu&rsquo;aux tiers l\u00e9galement autoris\u00e9s ainsi qu&rsquo;aux seules compagnies agr\u00e9\u00e9es par la direction de l&rsquo;entreprise.<\/p><p>Les donn\u00e9es \u00e0 caract\u00e8re personnel sont conserv\u00e9es tant qu&rsquo;elles sont n\u00e9cessaires, utiles et pertinentes et, en tout \u00e9tat de cause, pendant la p\u00e9riode l\u00e9galement requise apr\u00e8s la fin de la relation contractuelle. Au terme de cette relation, les donn\u00e9es seront conserv\u00e9es uniquement pour les objectifs et pendant le d\u00e9lai pr\u00e9vus par la l\u00e9gislation en la mati\u00e8re. Elles seront d\u00fbment bloqu\u00e9es. En particulier, elles seront bloqu\u00e9es pendant une dur\u00e9e ne d\u00e9passant pas 5 ans apr\u00e8s la fin de la relation contractuelle.<\/p><p>Conform\u00e9ment \u00e0 la l\u00e9gislation en vigueur, vous disposez des droits d&rsquo;acc\u00e8s, de rectification ou d&rsquo;annulation et pouvez demander que le traitement de vos donn\u00e9es soit limit\u00e9, vous opposer \u00e0 leur traitement, demander la portabilit\u00e9 de vos donn\u00e9es ou r\u00e9voquer votre consentement, en envoyant un message \u00e0 gdpr@roca.net. Vous pouvez \u00e9galement d\u00e9poser une plainte aupr\u00e8s de l&rsquo;Agence Espagnole de Protection des Donn\u00e9es ou de l&rsquo;agence correspondante du pays concern\u00e9.<\/p>\t\t\t\t\t\t<\/div>\n\t\t\t\t<\/div>\n\t\t\t\t\t<\/div>\n\t\t<\/div>\n\t\t\t\t\t<\/div>\n\t\t<\/section>\n\t\t\t\t<\/div>\n\t\t","protected":false},"excerpt":{"rendered":"<p>Politique de protection de la vie priv\u00e9e Les donn\u00e9es recueillies gr\u00e2ce \u00e0 ce formulaire seront trait\u00e9es par Roca Sanitario, S.A. dont les coordonn\u00e9es sont les suivantes : Nom de la compagnie\u00a0: Roca Sanitario, S.AAdresse\u00a0: Avda. Diagonal, 513, 08029, Barcelona \u2013 ESPAGNETel.: +34 93 366 1200Email: gdpr@roca.net Lesdites donn\u00e9es seront trait\u00e9es en vue de la gestion &#8230; <a title=\"Politique de protection de la vie priv\u00e9e\" class=\"read-more\" href=\"https:\/\/www.armaniroca.com\/fr\/politique-de-protection-de-la-vie-privee\/\">Lire la suite<span class=\"screen-reader-text\">Politique de protection de la vie priv\u00e9e<\/span><\/a><\/p>\n","protected":false},"author":1,"featured_media":0,"parent":0,"menu_order":0,"comment_status":"closed","ping_status":"closed","template":"","meta":{"footnotes":""},"_links":{"self":[{"href":"https:\/\/www.armaniroca.com\/fr\/wp-json\/wp\/v2\/pages\/1008"}],"collection":[{"href":"https:\/\/www.armaniroca.com\/fr\/wp-json\/wp\/v2\/pages"}],"about":[{"href":"https:\/\/www.armaniroca.com\/fr\/wp-json\/wp\/v2\/types\/page"}],"author":[{"embeddable":true,"href":"https:\/\/www.armaniroca.com\/fr\/wp-json\/wp\/v2\/users\/1"}],"replies":[{"embeddable":true,"href":"https:\/\/www.armaniroca.com\/fr\/wp-json\/wp\/v2\/comments?post=1008"}],"version-history":[{"count":7,"href":"https:\/\/www.armaniroca.com\/fr\/wp-json\/wp\/v2\/pages\/1008\/revisions"}],"predecessor-version":[{"id":1111,"href":"https:\/\/www.armaniroca.com\/fr\/wp-json\/wp\/v2\/pages\/1008\/revisions\/1111"}],"wp:attachment":[{"href":"https:\/\/www.armaniroca.com\/fr\/wp-json\/wp\/v2\/media?parent=1008"}],"curies":[{"name":"wp","href":"https:\/\/api.w.org\/{rel}","templated":true}]}}