{"id":1008,"date":"2018-07-30T15:32:46","date_gmt":"2018-07-30T15:32:46","guid":{"rendered":"https:\/\/www.armaniroca.com\/es\/?page_id=1008"},"modified":"2019-01-09T09:52:19","modified_gmt":"2019-01-09T09:52:19","slug":"politica-de-proteccion-de-datos","status":"publish","type":"page","link":"https:\/\/www.armaniroca.com\/es\/politica-de-proteccion-de-datos\/","title":{"rendered":"Pol\u00edtica de protecci\u00f3n de datos"},"content":{"rendered":"\t\t<div data-elementor-type=\"wp-post\" data-elementor-id=\"1008\" class=\"elementor elementor-1008 elementor-bc-flex-widget\" data-elementor-post-type=\"page\">\n\t\t\t\t\t\t<section class=\"elementor-section elementor-top-section elementor-element elementor-element-45d4016 elementor-section-boxed elementor-section-height-default elementor-section-height-default\" data-id=\"45d4016\" data-element_type=\"section\">\n\t\t\t\t\t\t<div class=\"elementor-container elementor-column-gap-default\">\n\t\t\t\t\t<div class=\"elementor-column elementor-col-100 elementor-top-column elementor-element elementor-element-d43a72e\" data-id=\"d43a72e\" data-element_type=\"column\">\n\t\t\t<div class=\"elementor-widget-wrap elementor-element-populated\">\n\t\t\t\t\t\t<div class=\"elementor-element elementor-element-443112c elementor-widget elementor-widget-text-editor\" data-id=\"443112c\" data-element_type=\"widget\" data-widget_type=\"text-editor.default\">\n\t\t\t\t<div class=\"elementor-widget-container\">\n\t\t\t\t\t\t\t<h1>Pol\u00edtica de Protecci\u00f3n de Datos<\/h1><p><strong>Los datos facilitados en este formulario ser\u00e1n tratados por Roca Sanitario, S.A., cuyos datos se detallan a continuaci\u00f3n:<\/strong><\/p><p>Nombre de la empresa: Roca Sanitario, S.A.<br \/><em>Domicilio: Avda. Diagonal, 513, 08029, Barcelona \u2013 ESPA\u00d1A<\/em><br \/><em>Tel.: +34 93 366 1200<\/em><br \/><em>Email: gdpr@roca.net<\/em><\/p><p>Dichos datos ser\u00e1n utilizados para el tratamiento y gesti\u00f3n de las solicitudes que usted pueda realizar a trav\u00e9s de nuestra web y, si usted lo autoriza, para el env\u00edo de comunicaciones comerciales que puedan ser de su inter\u00e9s. El fundamento jur\u00eddico del tratamiento es la prestaci\u00f3n del servicio solicitado y, en el caso de las comunicaciones publicitarias, su consentimiento.<\/p><p>La obtenci\u00f3n de dichos datos es totalmente necesaria para la prestaci\u00f3n de los servicios solicitados. De lo contrario, no ser\u00eda posible establecer su relaci\u00f3n como cliente de Roca. En cambio, los datos relativos a la transmisi\u00f3n de comunicaciones electr\u00f3nicas de marketing no son esenciales para mantener dicha relaci\u00f3n contractual. No se tomar\u00e1n decisiones automatizadas al respecto, y el tratamiento tendr\u00e1 lugar dentro de la Uni\u00f3n Europea. S\u00f3lo tendr\u00e1n acceso a los mismos aquellos terceros a los que Roca Sanitario, S.A. est\u00e9 legalmente obligada a facilitar los datos, as\u00ed como aquellas empresas a las que se hayan encomendado los servicios de gesti\u00f3n interna de la empresa.<\/p><p>Los datos personales s\u00f3lo ser\u00e1n tratados durante el tiempo en que sean necesarios, \u00fatiles y pertinentes y, en todo caso, durante el tiempo que sea legalmente necesario tras la finalizaci\u00f3n de la relaci\u00f3n contractual. Una vez finalizada la relaci\u00f3n, los datos se conservar\u00e1n \u00fanicamente con la finalidad y durante el tiempo necesarios para el cumplimiento de las obligaciones legales aplicables, y ser\u00e1n debidamente bloqueados. En concreto, se mantendr\u00e1n bloqueados durante un per\u00edodo no superior a cinco a\u00f1os tras la finalizaci\u00f3n de la relaci\u00f3n contractual.<\/p><p>En los t\u00e9rminos establecidos en la legislaci\u00f3n vigente, usted podr\u00e1 ejercer los derechos de acceso, rectificaci\u00f3n o cancelaci\u00f3n, as\u00ed como solicitar la limitaci\u00f3n del tratamiento de sus datos, oponerse al tratamiento, solicitar la portabilidad de sus datos o revocar el consentimiento prestado, enviando un correo electr\u00f3nico a gdpr@roca.net. Tambi\u00e9n puede presentar una reclamaci\u00f3n ante la Agencia Espa\u00f1ola de Protecci\u00f3n de Datos o ante la agencia del pa\u00eds correspondiente.<\/p>\t\t\t\t\t\t<\/div>\n\t\t\t\t<\/div>\n\t\t\t\t\t<\/div>\n\t\t<\/div>\n\t\t\t\t\t<\/div>\n\t\t<\/section>\n\t\t\t\t<\/div>\n\t\t","protected":false},"excerpt":{"rendered":"<p>Pol\u00edtica de Protecci\u00f3n de Datos Los datos facilitados en este formulario ser\u00e1n tratados por Roca Sanitario, S.A., cuyos datos se detallan a continuaci\u00f3n: Nombre de la empresa: Roca Sanitario, S.A. Domicilio: Avda. Diagonal, 513, 08029, Barcelona \u2013 ESPA\u00d1A Tel.: +34 93 366 1200 Email: gdpr@roca.net Dichos datos ser\u00e1n utilizados para el tratamiento y gesti\u00f3n de &#8230; <a title=\"Pol\u00edtica de protecci\u00f3n de datos\" class=\"read-more\" href=\"https:\/\/www.armaniroca.com\/es\/politica-de-proteccion-de-datos\/\">Leer m\u00e1s<span class=\"screen-reader-text\">Pol\u00edtica de protecci\u00f3n de datos<\/span><\/a><\/p>\n","protected":false},"author":1,"featured_media":0,"parent":0,"menu_order":0,"comment_status":"closed","ping_status":"closed","template":"","meta":{"footnotes":""},"_links":{"self":[{"href":"https:\/\/www.armaniroca.com\/es\/wp-json\/wp\/v2\/pages\/1008"}],"collection":[{"href":"https:\/\/www.armaniroca.com\/es\/wp-json\/wp\/v2\/pages"}],"about":[{"href":"https:\/\/www.armaniroca.com\/es\/wp-json\/wp\/v2\/types\/page"}],"author":[{"embeddable":true,"href":"https:\/\/www.armaniroca.com\/es\/wp-json\/wp\/v2\/users\/1"}],"replies":[{"embeddable":true,"href":"https:\/\/www.armaniroca.com\/es\/wp-json\/wp\/v2\/comments?post=1008"}],"version-history":[{"count":7,"href":"https:\/\/www.armaniroca.com\/es\/wp-json\/wp\/v2\/pages\/1008\/revisions"}],"predecessor-version":[{"id":1066,"href":"https:\/\/www.armaniroca.com\/es\/wp-json\/wp\/v2\/pages\/1008\/revisions\/1066"}],"wp:attachment":[{"href":"https:\/\/www.armaniroca.com\/es\/wp-json\/wp\/v2\/media?parent=1008"}],"curies":[{"name":"wp","href":"https:\/\/api.w.org\/{rel}","templated":true}]}}